{"id":2595,"date":"2019-05-06T14:50:51","date_gmt":"2019-05-06T14:50:51","guid":{"rendered":"https:\/\/studio.poslovnafotografija.eu\/?page_id=2595"},"modified":"2019-05-06T15:54:10","modified_gmt":"2019-05-06T15:54:10","slug":"pogoji-uporabe","status":"publish","type":"page","link":"https:\/\/poslovnafotografija.eu\/?page_id=2595","title":{"rendered":"Pogoji uporabe"},"content":{"rendered":"<p>[vc_row full_height=&#8221;yes&#8221; container=&#8221;true&#8221; css=&#8221;.vc_custom_1557150158306{background-image: url(https:\/\/poslovnafotografija.eu\/wp-content\/uploads\/2017\/07\/contact.jpg?id=236) !important;background-position: center !important;background-repeat: no-repeat !important;background-size: cover !important;}&#8221;][vc_column][vc_row_inner][vc_column_inner width=&#8221;1\/2&#8243;][vc_column_text css=&#8221;.vc_custom_1557154570439{padding-top: 20px !important;padding-right: 30px !important;padding-bottom: 20px !important;padding-left: 30px !important;background-color: #ffffff !important;}&#8221;]<\/p>\n<h3>Splo\u0161ni pogoji za<br \/>\nogled in uporabo spletnih strani<br \/>\nPoslovna Fotografija \u2013 Design Dem\u0161ar<\/h3>\n<p>Spletno stran je pripravil Poslovna Fotografija \u2013 Design Dem\u0161ar.<br \/>\nPoslovna Fotografija\u2013 Design Dem\u0161ar\u00a0si pridr\u017euje pravico spletne strani spremeniti delno, v celoti ali morda ustaviti delovanje strani.<br \/>\nZa dostop do te spletne strani in uporabo morajo biti izpolnjeni naslednji pogoji.<\/p>\n<p><strong>Pravica do uporabe objavljenih informacij<\/strong><br \/>\nPoslovna Fotografija\u2013 Design Dem\u0161ar\u00a0je edini lastnik vseh podatkov in informacij objavljenih na tej spletni strani.<br \/>\nKakr\u0161nakoli uporaba izven ogleda ali zasebnega informiranja je dovoljena le pod pogojem, da pridobite soglasje lastnika informacij.[\/vc_column_text][\/vc_column_inner][vc_column_inner width=&#8221;1\/2&#8243;][vc_column_text css=&#8221;.vc_custom_1557154533127{padding-top: 20px !important;padding-right: 30px !important;padding-bottom: 20px !important;padding-left: 30px !important;background-color: #ffffff !important;}&#8221;]<strong>Omejena odgovornost<\/strong><br \/>\nTa spletna stran vsebuje informacije, ki jih je\u00a0Poslovna Fotografija \u2013 Design Dem\u0161ar zbral iz notranjih in zunanjih virov po svoji najbolj\u0161i vednosti in vesti. V skladu z mo\u017enostmi si prizadevamo za raz\u0161iritev in sprotno a\u017euriranje informacij. Informacije na spletni strani so namenjene predvsem predstavitvi delovanja Poslovna Fotografija \u2013 Design Dem\u0161ar. Glede popolnosti ali pravilnosti informacij na tej spletni strani ne dajemo ni nobenega zagotovila oz. eksplicitnega ali implicitnega jamstva. Zlasti vas opozarjamo na to, da informacije morda niso ve\u010d dopolnjene z zadnjimi podatki.<br \/>\nZato svetujemo, da informacije s te spletne strani preverite, preden jih uporabite v kakr\u0161nikoli obliki. Podatki na tej spletni strani ne izklju\u010dujejo va\u0161e odgovornosti, da sami preverite najnovej\u0161e informacije. Uporabniki te spletne strani izjavljajo, da uporabljajo spletno stran in njene vsebine za lastno informiranje in na lastno odgovornost.<br \/>\nPoslovna Fotografija \u2013 Design Dem\u0161ar\u00a0in vsi sodelujo\u010di pri pripravi te spletne strani, ne prevzemajo nobene odgovornosti za kakr\u0161nekoli posledice, ki bi bile rezultat dostopa ali nemo\u017enosti dostopa do te spletne strani oz. uporabe ali nemo\u017enosti uporabe te spletne strani, ali dejstva, da ste napa\u010dno uporabljali ali se zanesli na informacije, ki so navedene na tej spletni strani.<\/p>\n<p><strong>Prosimo, da spletnih strani ne uporabljate, \u010de splo\u0161nih pogojev ne \u017eelite upo\u0161tevati.<\/strong><br \/>\n<strong>Z ogledom strani se avtomati\u010dno strinjate s pogoji za ogled!<\/strong>[\/vc_column_text][\/vc_column_inner][\/vc_row_inner][\/vc_column][\/vc_row]<\/p>\n","protected":false},"excerpt":{"rendered":"<p>[vc_row full_height=&#8221;yes&#8221; container=&#8221;true&#8221; css=&#8221;.vc_custom_1557150158306{background-image: url(https:\/\/poslovnafotografija.eu\/wp-content\/uploads\/2017\/07\/contact.jpg?id=236) !important;background-position: center !important;background-repeat: no-repeat !important;background-size: cover !important;}&#8221;][vc_column][vc_row_inner][vc_column_inner width=&#8221;1\/2&#8243;][vc_column_text css=&#8221;.vc_custom_1557154570439{padding-top: 20px !important;padding-right: 30px !important;padding-bottom: 20px !important;padding-left: 30px !important;background-color: #ffffff !important;}&#8221;] Splo\u0161ni pogoji za ogled in uporabo spletnih strani Poslovna Fotografija \u2013 Design Dem\u0161ar Spletno stran je pripravil Poslovna Fotografija \u2013 Design Dem\u0161ar. Poslovna Fotografija\u2013 Design Dem\u0161ar\u00a0si pridr\u017euje pravico spletne strani spremeniti [&hellip;]<\/p>\n","protected":false},"author":1,"featured_media":0,"parent":0,"menu_order":0,"comment_status":"closed","ping_status":"closed","template":"","meta":{"footnotes":""},"class_list":["post-2595","page","type-page","status-publish","hentry"],"_links":{"self":[{"href":"https:\/\/poslovnafotografija.eu\/index.php?rest_route=\/wp\/v2\/pages\/2595","targetHints":{"allow":["GET"]}}],"collection":[{"href":"https:\/\/poslovnafotografija.eu\/index.php?rest_route=\/wp\/v2\/pages"}],"about":[{"href":"https:\/\/poslovnafotografija.eu\/index.php?rest_route=\/wp\/v2\/types\/page"}],"author":[{"embeddable":true,"href":"https:\/\/poslovnafotografija.eu\/index.php?rest_route=\/wp\/v2\/users\/1"}],"replies":[{"embeddable":true,"href":"https:\/\/poslovnafotografija.eu\/index.php?rest_route=%2Fwp%2Fv2%2Fcomments&post=2595"}],"version-history":[{"count":4,"href":"https:\/\/poslovnafotografija.eu\/index.php?rest_route=\/wp\/v2\/pages\/2595\/revisions"}],"predecessor-version":[{"id":2603,"href":"https:\/\/poslovnafotografija.eu\/index.php?rest_route=\/wp\/v2\/pages\/2595\/revisions\/2603"}],"wp:attachment":[{"href":"https:\/\/poslovnafotografija.eu\/index.php?rest_route=%2Fwp%2Fv2%2Fmedia&parent=2595"}],"curies":[{"name":"wp","href":"https:\/\/api.w.org\/{rel}","templated":true}]}}