{"id":2565,"date":"2019-05-06T11:16:43","date_gmt":"2019-05-06T11:16:43","guid":{"rendered":"https:\/\/studio.poslovnafotografija.eu\/?page_id=2565"},"modified":"2019-06-05T18:11:47","modified_gmt":"2019-06-05T18:11:47","slug":"blagovna-znamka","status":"publish","type":"page","link":"https:\/\/poslovnafotografija.eu\/?page_id=2565","title":{"rendered":"Blagovna znamka"},"content":{"rendered":"<p>[vc_row content_placement=&#8221;top&#8221;][vc_column width=&#8221;1\/3&#8243; css=&#8221;.vc_custom_1556738353381{padding-top: 20px !important;padding-right: 25px !important;padding-bottom: 20px !important;padding-left: 0px !important;}&#8221;][martian_service_content]<\/p>\n<h3><strong>Kaj pravzaprav je blagovna znamka?<\/strong><\/h3>\n<p>Je to le ime, morda lep logotip?<br \/>\nNe.<br \/>\nBlagovna znamka je obljuba in zagotovilo za kakovost.<br \/>\nZ blagovno znamko nam podjetja obljubljajo pri\u010dakovano kakovost.<br \/>\nRecimo CocaCola in McDonalds ne trdita, da imata najbolj\u0161o pija\u010do in najbolj\u0161e meso s kruhom na svetu.<br \/>\nOmenjena proizvajalca vam zagotavljata, da boste enako kakovost dobili kjerkoli.<br \/>\nV Ameriki, v Maleziji in tudi v Sloveniji.<\/p>\n<h3><strong>Kako se izgradnje in krepitve svoje blagovne znamke lotevate vi?<\/strong><\/h3>\n<p>Kaj va\u0161im poslovnim partnerjem in kupcem obljubljate vi?<br \/>\nImate domi\u0161ljeno strategijo blagovne znamke?<br \/>\nImate urejeno celostno podobo?<br \/>\nPotem veste kako pomembna je odli\u010dna poslovna fotografija za va\u0161o blagovno znamko.<br \/>\nBrez dvoma vam bo pomagala dodati pomemben del\u010dek v mozaiku konkuren\u010dne prednosti pred ostalimi.<\/p>\n<p>&nbsp;[\/martian_service_content][\/vc_column][vc_column width=&#8221;1\/2&#8243; css=&#8221;.vc_custom_1556738273169{padding-top: 20px !important;padding-right: 50px !important;padding-bottom: 20px !important;padding-left: 50px !important;}&#8221;][martian_service_page_title sub_top=&#8221;Ugled blagovne znamke prina\u0161a ve\u010d dobi\u010dka kot proizvodi ali storitve &#8230;&#8221; heading=&#8221;KAJ JE BLAGOVNA ZNAMKA?&#8221; sub_bottom=&#8221;NAJPOMEMBNEJ\u0160E BOGASTVO, KI GA IMA PODJETJE ALI DEJAVNOST!&#8221;][vc_single_image image=&#8221;2612&#8243; img_size=&#8221;full&#8221; alignment=&#8221;center&#8221;][vc_btn title=&#8221;Potrebujete ve\u010d informacij?&#8221; style=&#8221;3d&#8221; color=&#8221;warning&#8221; size=&#8221;lg&#8221; align=&#8221;center&#8221; button_block=&#8221;true&#8221; link=&#8221;url:https%3A%2F%2Fstudio.poslovnafotografija.eu%2Fstik-z-nami%2F|title:Stik%20z%20nami||&#8221;][\/vc_column][\/vc_row]<\/p>\n","protected":false},"excerpt":{"rendered":"<p>[vc_row content_placement=&#8221;top&#8221;][vc_column width=&#8221;1\/3&#8243; css=&#8221;.vc_custom_1556738353381{padding-top: 20px !important;padding-right: 25px !important;padding-bottom: 20px !important;padding-left: 0px !important;}&#8221;][martian_service_content] Kaj pravzaprav je blagovna znamka? Je to le ime, morda lep logotip? Ne. Blagovna znamka je obljuba in zagotovilo za kakovost. Z blagovno znamko nam podjetja obljubljajo pri\u010dakovano kakovost. Recimo CocaCola in McDonalds ne trdita, da imata najbolj\u0161o pija\u010do in najbolj\u0161e meso s [&hellip;]<\/p>\n","protected":false},"author":1,"featured_media":0,"parent":0,"menu_order":0,"comment_status":"closed","ping_status":"closed","template":"","meta":{"footnotes":""},"class_list":["post-2565","page","type-page","status-publish","hentry"],"_links":{"self":[{"href":"https:\/\/poslovnafotografija.eu\/index.php?rest_route=\/wp\/v2\/pages\/2565","targetHints":{"allow":["GET"]}}],"collection":[{"href":"https:\/\/poslovnafotografija.eu\/index.php?rest_route=\/wp\/v2\/pages"}],"about":[{"href":"https:\/\/poslovnafotografija.eu\/index.php?rest_route=\/wp\/v2\/types\/page"}],"author":[{"embeddable":true,"href":"https:\/\/poslovnafotografija.eu\/index.php?rest_route=\/wp\/v2\/users\/1"}],"replies":[{"embeddable":true,"href":"https:\/\/poslovnafotografija.eu\/index.php?rest_route=%2Fwp%2Fv2%2Fcomments&post=2565"}],"version-history":[{"count":8,"href":"https:\/\/poslovnafotografija.eu\/index.php?rest_route=\/wp\/v2\/pages\/2565\/revisions"}],"predecessor-version":[{"id":2749,"href":"https:\/\/poslovnafotografija.eu\/index.php?rest_route=\/wp\/v2\/pages\/2565\/revisions\/2749"}],"wp:attachment":[{"href":"https:\/\/poslovnafotografija.eu\/index.php?rest_route=%2Fwp%2Fv2%2Fmedia&parent=2565"}],"curies":[{"name":"wp","href":"https:\/\/api.w.org\/{rel}","templated":true}]}}