{"id":2553,"date":"2019-05-05T16:10:45","date_gmt":"2019-05-05T16:10:45","guid":{"rendered":"https:\/\/studio.poslovnafotografija.eu\/?page_id=2553"},"modified":"2025-01-30T10:03:51","modified_gmt":"2025-01-30T10:03:51","slug":"kaj-vam-lahko-ponudimo","status":"publish","type":"page","link":"https:\/\/poslovnafotografija.eu\/?page_id=2553","title":{"rendered":"Kaj vam lahko ponudimo?"},"content":{"rendered":"<p>[vc_row container=&#8221;true&#8221; css=&#8221;.vc_custom_1498376212282{margin-top: 100px !important;margin-bottom: 200px !important;}&#8221;][vc_column][martian_section_heading heading=&#8221;Kaj vam lahko ponudimo?&#8221;][vc_row_inner][vc_column_inner width=&#8221;1\/3&#8243;][martian_pricing_table currency=&#8221;od \u20ac&#8221; btn_text=&#8221;Naro\u010dite zdaj&#8221; btn_link=&#8221;mailto:marketing@poslovnafotografija.eu?Subject=Naro\u010dilo &#8211; Individualni paket Poslovne fotografije&#8221; featured_text=&#8221;&#8221; title=&#8221;Individualni paket Poslovne fotografije&#8221; price=&#8221;200&#8243;]<\/p>\n<ul>\n<li>1 oseba<\/li>\n<li>Fotografiranje prizorov na eni lokaciji<\/li>\n<li>Spletna galerija za izbor posnetkov<\/li>\n<li>Digitalna obdelava slikovnega materiala<\/li>\n<li>5 posnetkov v digitalni obliki v kakovosti za tisk ter internet.<\/li>\n<\/ul>\n<p>[\/martian_pricing_table][\/vc_column_inner][vc_column_inner width=&#8221;1\/3&#8243;][martian_pricing_table currency=&#8221;od \u20ac&#8221; btn_text=&#8221;Naro\u010dite zdaj&#8221; btn_link=&#8221;mailto:marketing@poslovnafotografija.eu?Subject=Narocilo &#8211; Manager paket Poslovne fotografije&#8221; featured=&#8221;true&#8221; featured_text=&#8221;TOP&#8221; title=&#8221;Manager paket Poslovne fotografije&#8221; price=&#8221;400&#8243;]<\/p>\n<ul>\n<li>1 oseba<\/li>\n<li>Fotografiranje prizorov na treh lokacijah<br \/>\n(na primer pisarna, proizvodnja, pred poslovno stavbo \u2026)<\/li>\n<li>Spletna galerija za izbor posnetkov<\/li>\n<li>Digitalna obdelava slikovnega materiala<\/li>\n<li>20 posnetkov v digitalni obliki v kakovosti za tisk ter internet<\/li>\n<li>20 posnetkov v obliki fotografij 20 cm x 30 cm<\/li>\n<\/ul>\n<p>[\/martian_pricing_table][\/vc_column_inner][vc_column_inner width=&#8221;1\/3&#8243;][martian_pricing_table currency=&#8221;&#8221; btn_text=&#8221;Naro\u010dite zdaj&#8221; btn_link=&#8221;mailto:marketing@poslovnafotografija.eu?Subject=Narocilo &#8211; Skupinski paket Poslovne fotografije&#8221; featured_text=&#8221;&#8221; title=&#8221;Skupinski paket Poslovne fotografije&#8221; price=&#8221;Po dogovoru&#8221;]<\/p>\n<ul>\n<li>Po dogovoru<\/li>\n<li>Fotografiranje prizorov na dogovorjenih lokacijah<\/li>\n<li>Spletna galerija za izbor posnetkov<\/li>\n<li>Digitalna obdelava izbranega slikovnega materiala<\/li>\n<li>\u0160tevilo posnetkov v digitalni obliki &#8211; Po dogovoru<\/li>\n<li>\u0160tevilo posnetkov vobliki fotografij &#8211; Po dogovoru<\/li>\n<li>Opcija \u2013 brezpla\u010den arhiv slikovnih materialov na na\u0161em stre\u017eniku.<\/li>\n<\/ul>\n<p>[\/martian_pricing_table][\/vc_column_inner][\/vc_row_inner][\/vc_column][\/vc_row][vc_row container=&#8221;true&#8221; css=&#8221;.vc_custom_1498376212282{margin-top: 100px !important;margin-bottom: 200px !important;}&#8221;][vc_column][vc_row_inner][vc_column_inner width=&#8221;1\/3&#8243;][martian_pricing_table currency=&#8221;&#8221; btn_text=&#8221;Naro\u010dite zdaj&#8221; btn_link=&#8221;mailto:marketing@poslovnafotografija.eu?Subject=Naro\u010dilo &#8211; Poslovna fotografija proizvodov&#8221; featured_text=&#8221;&#8221; title=&#8221;Poslovna fotografija proizvodov&#8221; price=&#8221;Po dogovoru&#8221;]<\/p>\n<ul>\n<li>Preliminarni sestanek z dolo\u010ditvijo ciljev fotografiranja in dolo\u010ditvijo termina.<\/li>\n<li>Pripravi se ponudba glede na \u017eelje stranke.<\/li>\n<li>Prevzem izdelkov namenjenih za fotografiranje, fotografiranje dogovorjenega \u0161tevila prizorov. Priprava galerij za izbor posnetkov, postprodukcija slikovnih materialov, priprava kon\u010dnih digitalnih originalov + izdelava klasi\u010dnih fotografij, opcija &#8211; brezpla\u010den arhiv slikovnih materialov na na\u0161em stre\u017eniku.<\/li>\n<li>Stranka prejme materiale glede na individualni dogovor.<\/li>\n<\/ul>\n<p>[\/martian_pricing_table][\/vc_column_inner][vc_column_inner width=&#8221;1\/3&#8243;][martian_pricing_table currency=&#8221;&#8221; btn_text=&#8221;Naro\u010dite zdaj&#8221; btn_link=&#8221;mailto:marketing@poslovnafotografija.eu?Subject=Naro\u010dilo &#8211; Poslovna fotografija arhitekture&#8221; featured_text=&#8221;&#8221; title=&#8221;Poslovna fotografija arhitekture&#8221; price=&#8221;Po dogovoru&#8221;]<\/p>\n<ul>\n<li>Preliminarni sestanek z dolo\u010ditvijo ciljev fotografiranja in dolo\u010ditvijo termina.<\/li>\n<li>Pripravi se ponudba glede na \u017eelje stranke.<\/li>\n<li>Prihod na lokacijo, postavitev opreme, fotografiranje, priprava galerij za izbor posnetkov, postprodukcija slikovnih materialov, priprava kon\u010dnih digitalnih originalov + izdelava klasi\u010dnih fotografij, opcija &#8211; brezpla\u010den arhiv slikovnih materialov na na\u0161em stre\u017eniku.<\/li>\n<li>Stranka prejme materiale glede na individualni dogovor.<\/li>\n<\/ul>\n<p>[\/martian_pricing_table][\/vc_column_inner][vc_column_inner width=&#8221;1\/3&#8243;][\/vc_column_inner][\/vc_row_inner][vc_btn title=&#8221;Potrebujete ve\u010d informacij?&#8221; style=&#8221;3d&#8221; color=&#8221;warning&#8221; size=&#8221;lg&#8221; align=&#8221;center&#8221; button_block=&#8221;true&#8221; link=&#8221;url:https%3A%2F%2Fstudio.poslovnafotografija.eu%2Fstik-z-nami%2F|title:Stik%20z%20nami||&#8221;][\/vc_column][\/vc_row]<\/p>\n","protected":false},"excerpt":{"rendered":"<p>[vc_row container=&#8221;true&#8221; css=&#8221;.vc_custom_1498376212282{margin-top: 100px !important;margin-bottom: 200px !important;}&#8221;][vc_column][martian_section_heading heading=&#8221;Kaj vam lahko ponudimo?&#8221;][vc_row_inner][vc_column_inner width=&#8221;1\/3&#8243;][martian_pricing_table currency=&#8221;od \u20ac&#8221; btn_text=&#8221;Naro\u010dite zdaj&#8221; btn_link=&#8221;mailto:marketing@poslovnafotografija.eu?Subject=Naro\u010dilo &#8211; Individualni paket Poslovne fotografije&#8221; featured_text=&#8221;&#8221; title=&#8221;Individualni paket Poslovne fotografije&#8221; price=&#8221;200&#8243;] 1 oseba Fotografiranje prizorov na eni lokaciji Spletna galerija za izbor posnetkov Digitalna obdelava slikovnega materiala 5 posnetkov v digitalni obliki v kakovosti za tisk ter internet. [&hellip;]<\/p>\n","protected":false},"author":1,"featured_media":0,"parent":0,"menu_order":0,"comment_status":"closed","ping_status":"closed","template":"","meta":{"footnotes":""},"class_list":["post-2553","page","type-page","status-publish","hentry"],"_links":{"self":[{"href":"https:\/\/poslovnafotografija.eu\/index.php?rest_route=\/wp\/v2\/pages\/2553","targetHints":{"allow":["GET"]}}],"collection":[{"href":"https:\/\/poslovnafotografija.eu\/index.php?rest_route=\/wp\/v2\/pages"}],"about":[{"href":"https:\/\/poslovnafotografija.eu\/index.php?rest_route=\/wp\/v2\/types\/page"}],"author":[{"embeddable":true,"href":"https:\/\/poslovnafotografija.eu\/index.php?rest_route=\/wp\/v2\/users\/1"}],"replies":[{"embeddable":true,"href":"https:\/\/poslovnafotografija.eu\/index.php?rest_route=%2Fwp%2Fv2%2Fcomments&post=2553"}],"version-history":[{"count":11,"href":"https:\/\/poslovnafotografija.eu\/index.php?rest_route=\/wp\/v2\/pages\/2553\/revisions"}],"predecessor-version":[{"id":3354,"href":"https:\/\/poslovnafotografija.eu\/index.php?rest_route=\/wp\/v2\/pages\/2553\/revisions\/3354"}],"wp:attachment":[{"href":"https:\/\/poslovnafotografija.eu\/index.php?rest_route=%2Fwp%2Fv2%2Fmedia&parent=2553"}],"curies":[{"name":"wp","href":"https:\/\/api.w.org\/{rel}","templated":true}]}}