{"id":2448,"date":"2019-05-01T18:25:05","date_gmt":"2019-05-01T18:25:05","guid":{"rendered":"https:\/\/studio.poslovnafotografija.eu\/?page_id=2448"},"modified":"2019-06-13T11:59:52","modified_gmt":"2019-06-13T11:59:52","slug":"zakaj-poslovna-fotografija","status":"publish","type":"page","link":"https:\/\/poslovnafotografija.eu\/?page_id=2448","title":{"rendered":"Zakaj poslovna fotografija?"},"content":{"rendered":"<p>[vc_row content_placement=&#8221;top&#8221;][vc_column width=&#8221;1\/3&#8243; css=&#8221;.vc_custom_1556738353381{padding-top: 20px !important;padding-right: 25px !important;padding-bottom: 20px !important;padding-left: 0px !important;}&#8221;][martian_service_content]<\/p>\n<h1><strong>Spremenite svoje ideje v u\u010dinkovita prodajna sporo\u010dila!<\/strong><\/h1>\n<p>Poskrbimo za profesionalno posnete fotografije, ki bodo va\u0161e podjetje ali dejavnost predstavljale na na\u010din, ki se bo skladal z va\u0161o vizijo razvoja.<\/p>\n<p>Poskrbimo za portrete lastnikov podjetij, direktorjev in vodstvenih struktur za objave v medijih, letnih poro\u010dilih in druge marketin\u0161ke namene.<\/p>\n<p>Poskrbimo za slikovne materiale zaposlenih in osebja.<\/p>\n<p>Poskrbimo za profesionalno posnete fotografije va\u0161ih produktov.<\/p>\n<p>Poskrbimo za slikovne materiale va\u0161ih delovnih prostorov in poslovnega objekta.<\/p>\n<p><strong>Naj vas va\u0161e stranke in ostale javnosti vidijo v najbolj\u0161i podobi!<\/strong>[\/martian_service_content][\/vc_column][vc_column width=&#8221;1\/2&#8243; css=&#8221;.vc_custom_1556738273169{padding-top: 20px !important;padding-right: 50px !important;padding-bottom: 20px !important;padding-left: 50px !important;}&#8221;][martian_service_page_title sub_top=&#8221;ZAKAJ POTREBUJETE ODLI\u010cNO POSLOVNO FOTOGRAFIJO?&#8221; heading=&#8221;ZATO, KER JE VA\u0160 POMO\u010cNIK PRI PRODAJI!&#8221; sub_bottom=&#8221;ZATO, KER JE POSLOVNA FOTOGRAFIJA POMEMBNO MARKETIN\u0160KO ORODJE!&#8221;][vc_empty_space height=&#8221;70px&#8221;][vc_row_inner][vc_column_inner][martian_icon_box icon_fontawesome=&#8221;fa fa-user-o&#8221; style=&#8221;box-style&#8221; heading=&#8221;Portreti in fotografije oseb&#8221;]Profesionalni poslovni portreti so eden<br \/>\nod najpomembnej\u0161ih komunikacijskih elementov podjetja,<br \/>\ntako v zunanjem komuniciranju, kot tudi v notranjih, intranet povezavah.<\/p>\n<p>Korporativne komunikacije in odnosi z investitorji, letna poro\u010dila,<br \/>\nnotranja komunikacija, prodajne predstavite, medijska komunikacija in novice.<br \/>\nVse to utrjuje podobo va\u0161ega podjetja in pomaga ustvarjati tesnej\u0161e vezi<br \/>\ns kupci, prodajalci, sodelavci, investitorji in ostalimi dele\u017eniki.[\/martian_icon_box][vc_single_image image=&#8221;2530&#8243; img_size=&#8221;full&#8221; alignment=&#8221;center&#8221;][vc_empty_space height=&#8221;70px&#8221;][martian_icon_box icon_fontawesome=&#8221;fa fa-cube&#8221; style=&#8221;box-style&#8221; heading=&#8221;Fotografije proizvodov&#8221;]V vsakdanjem \u017eivljenju potrebujemo ogromno razli\u010dnih izdelkov z razli\u010dnih podro\u010dij.<br \/>\nKonkurenca na tr\u017ei\u0161\u010du je ostra,<br \/>\nponudnikov je veliko in do pozornosti kupcev je te\u017eko priti.<br \/>\nTudi vi in va\u0161i proizvodi se borite na tej fronti.<br \/>\nZato odlo\u010da vsaka malenkost, zato je potrebno posvetiti<br \/>\nveliko pozornosti pojavljanju va\u0161ih izdelkov in storitev.<br \/>\nZa vsak va\u0161 izdelek bomo na\u0161li primerno predstavitev.<br \/>\nPokli\u010dite nas![\/martian_icon_box][vc_single_image image=&#8221;2542&#8243; img_size=&#8221;full&#8221; alignment=&#8221;center&#8221;][vc_empty_space height=&#8221;70px&#8221;][martian_icon_box icon_fontawesome=&#8221;fa fa-university&#8221; style=&#8221;box-style&#8221; heading=&#8221;Fotografije arhitekture&#8221;]Vsako podjetje se na tak ali druga\u010den na\u010din sre\u010da tudi<br \/>\ns predstavitvijo notranjosti in zunanjosti.<br \/>\nMorda so to njihove pisarne ali lokali, ki jih \u017eelijo predstaviti,<br \/>\nmorda njihova poslovna stavba, lahko se ukvarjajo s prodajo nepremi\u010dnin,<br \/>\nali pa imajo velike izdelke kot so stopnice, vrata, okna, omare \u2026[\/martian_icon_box][vc_single_image image=&#8221;2529&#8243; img_size=&#8221;full&#8221; alignment=&#8221;center&#8221;][\/vc_column_inner][\/vc_row_inner][vc_btn title=&#8221;Potrebujete ve\u010d informacij?&#8221; style=&#8221;3d&#8221; color=&#8221;warning&#8221; size=&#8221;lg&#8221; align=&#8221;center&#8221; button_block=&#8221;true&#8221; link=&#8221;url:https%3A%2F%2Fstudio.poslovnafotografija.eu%2Fstik-z-nami%2F|title:Stik%20z%20nami||&#8221;][vc_empty_space height=&#8221;55px&#8221;][\/vc_column][\/vc_row]<\/p>\n","protected":false},"excerpt":{"rendered":"<p>[vc_row content_placement=&#8221;top&#8221;][vc_column width=&#8221;1\/3&#8243; css=&#8221;.vc_custom_1556738353381{padding-top: 20px !important;padding-right: 25px !important;padding-bottom: 20px !important;padding-left: 0px !important;}&#8221;][martian_service_content] Spremenite svoje ideje v u\u010dinkovita prodajna sporo\u010dila! Poskrbimo za profesionalno posnete fotografije, ki bodo va\u0161e podjetje ali dejavnost predstavljale na na\u010din, ki se bo skladal z va\u0161o vizijo razvoja. Poskrbimo za portrete lastnikov podjetij, direktorjev in vodstvenih struktur za objave v medijih, letnih [&hellip;]<\/p>\n","protected":false},"author":1,"featured_media":0,"parent":0,"menu_order":0,"comment_status":"closed","ping_status":"closed","template":"","meta":{"footnotes":""},"class_list":["post-2448","page","type-page","status-publish","hentry"],"_links":{"self":[{"href":"https:\/\/poslovnafotografija.eu\/index.php?rest_route=\/wp\/v2\/pages\/2448","targetHints":{"allow":["GET"]}}],"collection":[{"href":"https:\/\/poslovnafotografija.eu\/index.php?rest_route=\/wp\/v2\/pages"}],"about":[{"href":"https:\/\/poslovnafotografija.eu\/index.php?rest_route=\/wp\/v2\/types\/page"}],"author":[{"embeddable":true,"href":"https:\/\/poslovnafotografija.eu\/index.php?rest_route=\/wp\/v2\/users\/1"}],"replies":[{"embeddable":true,"href":"https:\/\/poslovnafotografija.eu\/index.php?rest_route=%2Fwp%2Fv2%2Fcomments&post=2448"}],"version-history":[{"count":49,"href":"https:\/\/poslovnafotografija.eu\/index.php?rest_route=\/wp\/v2\/pages\/2448\/revisions"}],"predecessor-version":[{"id":2922,"href":"https:\/\/poslovnafotografija.eu\/index.php?rest_route=\/wp\/v2\/pages\/2448\/revisions\/2922"}],"wp:attachment":[{"href":"https:\/\/poslovnafotografija.eu\/index.php?rest_route=%2Fwp%2Fv2%2Fmedia&parent=2448"}],"curies":[{"name":"wp","href":"https:\/\/api.w.org\/{rel}","templated":true}]}}